{"id":4071,"date":"2018-09-18T18:39:10","date_gmt":"2018-09-18T18:39:10","guid":{"rendered":"https:\/\/sisoo.ch\/?page_id=4071"},"modified":"2018-09-18T20:11:02","modified_gmt":"2018-09-18T20:11:02","slug":"about","status":"publish","type":"page","link":"https:\/\/sisoo.ch\/index.php\/about\/","title":{"rendered":"about"},"content":{"rendered":"<p>[et_pb_section bb_built=&#8220;1&#8243; _builder_version=&#8220;3.0.47&#8243; custom_padding=&#8220;23px|0px|0|0px|false|false&#8220;][et_pb_row _builder_version=&#8220;3.14&#8243; custom_padding=&#8220;0|0px|27px|0px|false|false&#8220;][et_pb_column type=&#8220;4_4&#8243;][et_pb_text _builder_version=&#8220;3.14&#8243;]<\/p>\n<p><strong><span style=\"font-size: x-large;\"><span style=\"color: #0c71c3;\">about<\/span><\/span><\/strong><\/p>\n<p>[\/et_pb_text][\/et_pb_column][\/et_pb_row][et_pb_row custom_padding=&#8220;0|0px|0|0px|false|false&#8220; _builder_version=&#8220;3.0.48&#8243; background_size=&#8220;initial&#8220; background_position=&#8220;top_left&#8220; background_repeat=&#8220;repeat&#8220;][et_pb_column type=&#8220;1_3&#8243;][et_pb_image src=&#8220;https:\/\/sisoo.ch\/wp-content\/uploads\/2018\/09\/DSC09992.jpg&#8220; _builder_version=&#8220;3.14&#8243; \/][et_pb_image src=&#8220;https:\/\/sisoo.ch\/wp-content\/uploads\/2018\/09\/IMG_20180719_184028.jpg&#8220; show_bottom_space=&#8220;off&#8220; _builder_version=&#8220;3.14&#8243; custom_margin=&#8220;0px||0px||false&#8220; custom_margin_last_edited=&#8220;on|phone&#8220; \/][\/et_pb_column][et_pb_column type=&#8220;2_3&#8243;][et_pb_text _builder_version=&#8220;3.14&#8243; text_font=&#8220;||||||||&#8220; text_font_size=&#8220;18px&#8220;]<\/p>\n<p><strong>Marc-Patrick Schwab<\/strong><\/p>\n<p><strong>Gr\u00fcnder sisoo GmbH<\/strong><br \/>\nmit Fokus auf Performance Coaching &amp; Ausbildung im Sport- &amp; Gesundheitsbereich<\/p>\n<p>&nbsp;<\/p>\n<p>[\/et_pb_text][et_pb_text _builder_version=&#8220;3.14&#8243; text_font=&#8220;||||||||&#8220; text_font_size=&#8220;18px&#8220; custom_margin=&#8220;0px|||&#8220; custom_margin_last_edited=&#8220;on|desktop&#8220;] <strong><em>\u201eNachhaltige Gesundheit und Leistungssteigerung\u00a0sind das h\u00f6chste Gut\u201c<\/em><\/strong><\/p>\n<p>Marc ist seit der Kindheit ein <strong>passionierter Sportler<\/strong>. Fussball, Unihockey, Langlaufen, Triathlon,\u2026 kaum einen Moment kam er ohne Bewegung aus und war schon fr\u00fch sehr erfolgreich.\u00a0Bewusst entscheidet sich Marc nicht alles auf eine Karte zu setzen, denn\u00a0diverse Sportarten\u00a0sollen f\u00fcr ihn eine Begeisterung bleiben. Und diese findet er zuk\u00fcnftig hobbym\u00e4ssig insbesondere in Ausdauersportarten. Marc l\u00e4uft und schwimmt und f\u00e4hrt stundenlang, tagelang. Spannende Trainings und Wettk\u00e4mpfe bringen ihn zum Schwitzen und zum Strahlen.<\/p>\n<p>Mittlerweile ist Marc nicht mehr nur der aktive Freizeitsportler sondern nun vor allem der Coach und Ausbilder bei der\u00a0sisoo GmbH. <strong>Laufend bildet er sich im Sport- und Gesundheitsbereich weiter<\/strong>, weil er viel Interesse und Freude darin findet.\u00a0T\u00e4glich investiert er im Schnitt Stunden in der Recherche, was viel weiter geht als die Abschl\u00fcsse\u00a0als <strong>Master of Science\u00a0in Spitzensport EHSM<\/strong> mit Vertiefung in Trainingswissenschaften in Magglingen oder als<strong> Mentaltrainer IAP<\/strong> der Hochschule Z\u00fcrich. Sein finnisches Gem\u00fct l\u00e4sst sich nicht so leicht aus der Ruhe bringen. [\/et_pb_text][et_pb_text _builder_version=&#8220;3.14&#8243; text_font=&#8220;||||||||&#8220; text_font_size=&#8220;18px&#8220; custom_margin=&#8220;0px|||&#8220; custom_margin_phone=&#8220;|||&#8220; custom_margin_last_edited=&#8220;on|desktop&#8220;]<\/p>\n<p>Als Mitglieder der <strong>\u201eFascial Research Society\u201c<\/strong> findet Marc seine St\u00e4rken wieder. Den Dialog und die Zusammenarbeit zwischen Forschung, Therapie und\u00a0vorallem den Sportler und Gesundheitsbewussten zu\u00a0f\u00f6rdern. Die pers\u00f6nlichen Erfahrungen\u00a0als Coach in Ausdauersportarten, im Fussball als auch im Unihockey, als Sportler und\u00a0Experimentierer\u00a0fliessen dabei ein. Mit seiner Firma sisoo GmbH unterst\u00fctzt Marc Individualsportler auf ihrem Weg zu pers\u00f6nlichen Bestleistungen.<\/p>\n<p>[\/et_pb_text][\/et_pb_column][\/et_pb_row][\/et_pb_section]<\/p>\n","protected":false},"excerpt":{"rendered":"<p>about Marc-Patrick Schwab Gr\u00fcnder sisoo GmbH mit Fokus auf Performance Coaching &amp; Ausbildung im Sport- &amp; Gesundheitsbereich &nbsp; \u201eNachhaltige Gesundheit und Leistungssteigerung\u00a0sind das h\u00f6chste Gut\u201c Marc ist seit der Kindheit ein passionierter Sportler. Fussball, Unihockey, Langlaufen, Triathlon,\u2026 kaum einen Moment kam er ohne Bewegung aus und war schon fr\u00fch sehr erfolgreich.\u00a0Bewusst entscheidet sich Marc nicht [&hellip;]<\/p>\n","protected":false},"author":1,"featured_media":0,"parent":0,"menu_order":0,"comment_status":"closed","ping_status":"closed","template":"","meta":{"_et_pb_use_builder":"on","_et_pb_old_content":"","_et_gb_content_width":"","footnotes":""},"class_list":["post-4071","page","type-page","status-publish","hentry"],"_links":{"self":[{"href":"https:\/\/sisoo.ch\/index.php\/wp-json\/wp\/v2\/pages\/4071","targetHints":{"allow":["GET"]}}],"collection":[{"href":"https:\/\/sisoo.ch\/index.php\/wp-json\/wp\/v2\/pages"}],"about":[{"href":"https:\/\/sisoo.ch\/index.php\/wp-json\/wp\/v2\/types\/page"}],"author":[{"embeddable":true,"href":"https:\/\/sisoo.ch\/index.php\/wp-json\/wp\/v2\/users\/1"}],"replies":[{"embeddable":true,"href":"https:\/\/sisoo.ch\/index.php\/wp-json\/wp\/v2\/comments?post=4071"}],"version-history":[{"count":9,"href":"https:\/\/sisoo.ch\/index.php\/wp-json\/wp\/v2\/pages\/4071\/revisions"}],"predecessor-version":[{"id":4146,"href":"https:\/\/sisoo.ch\/index.php\/wp-json\/wp\/v2\/pages\/4071\/revisions\/4146"}],"wp:attachment":[{"href":"https:\/\/sisoo.ch\/index.php\/wp-json\/wp\/v2\/media?parent=4071"}],"curies":[{"name":"wp","href":"https:\/\/api.w.org\/{rel}","templated":true}]}}