{"id":4115,"date":"2018-09-18T19:09:14","date_gmt":"2018-09-18T19:09:14","guid":{"rendered":"https:\/\/sisoo.ch\/?page_id=4115"},"modified":"2025-12-21T20:48:39","modified_gmt":"2025-12-21T20:48:39","slug":"leistungsangebot","status":"publish","type":"page","link":"https:\/\/sisoo.ch\/index.php\/leistungsangebot\/","title":{"rendered":"Leistungsangebot"},"content":{"rendered":"<p>[et_pb_section fb_built=&#8220;1&#8243; _builder_version=&#8220;4.16&#8243; custom_padding=&#8220;30px|0px|47px|0px|false|false&#8220; global_colors_info=&#8220;{}&#8220;][et_pb_row _builder_version=&#8220;4.16&#8243; custom_padding=&#8220;0|0px|27px|0px|false|false&#8220; global_colors_info=&#8220;{}&#8220;][et_pb_column type=&#8220;4_4&#8243; _builder_version=&#8220;4.16&#8243; custom_padding=&#8220;|||&#8220; global_colors_info=&#8220;{}&#8220; custom_padding__hover=&#8220;|||&#8220;][et_pb_text _builder_version=&#8220;4.16&#8243; text_font=&#8220;||||||||&#8220; text_font_size=&#8220;18px&#8220; global_colors_info=&#8220;{}&#8220;]<span style=\"font-size: x-large;\"><strong><span style=\"color: #7ebec5;\">Leistungsangebot<\/span><br \/>\n<\/strong><\/span><\/p>\n<p>Das Leistungsangebot von sisoo beinhaltet f\u00fcr das Coaching und somit unter anderem f\u00fcr die Erstellung von Trainingspl\u00e4nen folgendes:<br \/>\n[\/et_pb_text][\/et_pb_column][\/et_pb_row][et_pb_row column_structure=&#8220;1_3,1_3,1_3&#8243; _builder_version=&#8220;4.16&#8243; global_colors_info=&#8220;{}&#8220;][et_pb_column type=&#8220;1_3&#8243; _builder_version=&#8220;4.16&#8243; custom_padding=&#8220;|||&#8220; global_colors_info=&#8220;{}&#8220; custom_padding__hover=&#8220;|||&#8220;][et_pb_blurb title=&#8220;Einf\u00fchrungsgespr\u00e4ch&#8220; use_icon=&#8220;on&#8220; font_icon=&#8220;&#x77;||divi||400&#8243; icon_placement=&#8220;left&#8220; image_icon_width=&#8220;50px&#8220; _builder_version=&#8220;4.16&#8243; header_font=&#8220;|700|||||||&#8220; header_line_height=&#8220;1.7em&#8220; body_font=&#8220;||||||||&#8220; body_font_size=&#8220;18px&#8220; background_color=&#8220;rgba(0,0,0,0)&#8220; icon_font_size=&#8220;50px&#8220; global_colors_info=&#8220;{}&#8220;]Kennenlernen und Standortanalyse.<br \/>\n[\/et_pb_blurb][\/et_pb_column][et_pb_column type=&#8220;1_3&#8243; _builder_version=&#8220;4.16&#8243; custom_padding=&#8220;|||&#8220; global_colors_info=&#8220;{}&#8220; custom_padding__hover=&#8220;|||&#8220;][et_pb_blurb title=&#8220;Zielsetzung&#8220; use_icon=&#8220;on&#8220; font_icon=&#8220;&#xe01e;||divi||400&#8243; icon_placement=&#8220;left&#8220; image_icon_width=&#8220;50px&#8220; _builder_version=&#8220;4.16&#8243; header_font=&#8220;|700|||||||&#8220; header_line_height=&#8220;1.7em&#8220; body_font=&#8220;||||||||&#8220; body_font_size=&#8220;18px&#8220; background_color=&#8220;rgba(0,0,0,0)&#8220; icon_font_size=&#8220;50px&#8220; global_colors_info=&#8220;{}&#8220;]Formulieren und festlegen von Zielen, Meilensteinen und Trainingsmitteln.<br \/>\n[\/et_pb_blurb][\/et_pb_column][et_pb_column type=&#8220;1_3&#8243; _builder_version=&#8220;4.16&#8243; custom_padding=&#8220;|||&#8220; global_colors_info=&#8220;{}&#8220; custom_padding__hover=&#8220;|||&#8220;][et_pb_blurb title=&#8220;Trainingsplanung&#8220; use_icon=&#8220;on&#8220; font_icon=&#8220;&#x6c;||divi||400&#8243; icon_placement=&#8220;left&#8220; image_icon_width=&#8220;50px&#8220; _builder_version=&#8220;4.16&#8243; header_font=&#8220;|700|||||||&#8220; header_line_height=&#8220;1.7em&#8220; body_font=&#8220;||||||||&#8220; body_font_size=&#8220;18px&#8220; background_color=&#8220;rgba(0,0,0,0)&#8220; icon_font_size=&#8220;50px&#8220; global_colors_info=&#8220;{}&#8220;]Erstellen von Makro-, Meso-, Mikro und Einzeleinheiten.<br \/>\n[\/et_pb_blurb][\/et_pb_column][\/et_pb_row][et_pb_row column_structure=&#8220;1_3,1_3,1_3&#8243; _builder_version=&#8220;4.16&#8243; global_colors_info=&#8220;{}&#8220;][et_pb_column type=&#8220;1_3&#8243; _builder_version=&#8220;4.16&#8243; custom_padding=&#8220;|||&#8220; global_colors_info=&#8220;{}&#8220; custom_padding__hover=&#8220;|||&#8220;][et_pb_blurb title=&#8220;Austausch&#8220; use_icon=&#8220;on&#8220; font_icon=&#8220;&#xe09e;||divi||400&#8243; icon_placement=&#8220;left&#8220; image_icon_width=&#8220;50px&#8220; _builder_version=&#8220;4.16&#8243; header_font=&#8220;|700|||||||&#8220; header_line_height=&#8220;1.7em&#8220; body_font=&#8220;||||||||&#8220; body_font_size=&#8220;18px&#8220; background_color=&#8220;rgba(0,0,0,0)&#8220; icon_font_size=&#8220;50px&#8220; global_colors_info=&#8220;{}&#8220;]<\/p>\n<p>W\u00f6chentlicher Austausch per e-Mail, Telefon oder ausgew\u00e4hltem\u00a0 Messengerdienst.<\/p>\n<p>[\/et_pb_blurb][\/et_pb_column][et_pb_column type=&#8220;1_3&#8243; _builder_version=&#8220;4.16&#8243; custom_padding=&#8220;|||&#8220; global_colors_info=&#8220;{}&#8220; custom_padding__hover=&#8220;|||&#8220;][et_pb_blurb title=&#8220;Auswertung \/ Erfolgskontrolle&#8220; use_icon=&#8220;on&#8220; font_icon=&#8220;&#x66;||divi||400&#8243; icon_placement=&#8220;left&#8220; image_icon_width=&#8220;50px&#8220; _builder_version=&#8220;4.16&#8243; header_font=&#8220;|700|||||||&#8220; header_line_height=&#8220;1.7em&#8220; body_font=&#8220;||||||||&#8220; body_font_size=&#8220;18px&#8220; background_color=&#8220;rgba(0,0,0,0)&#8220; icon_font_size=&#8220;50px&#8220; global_colors_info=&#8220;{}&#8220;]Analysieren des Trainings und Wettkampfes aufgrund deines Feedbacks und unseren Erkenntnissen.<br \/>\n[\/et_pb_blurb][\/et_pb_column][et_pb_column type=&#8220;1_3&#8243; _builder_version=&#8220;4.16&#8243; custom_padding=&#8220;|||&#8220; global_colors_info=&#8220;{}&#8220; custom_padding__hover=&#8220;|||&#8220;][et_pb_blurb title=&#8220;Wissenschaftliche Erkenntnisse&#8220; use_icon=&#8220;on&#8220; font_icon=&#8220;&#xe00a;||divi||400&#8243; icon_placement=&#8220;left&#8220; image_icon_width=&#8220;50px&#8220; _builder_version=&#8220;4.16&#8243; header_font=&#8220;|700|||||||&#8220; header_line_height=&#8220;1.7em&#8220; body_font=&#8220;||||||||&#8220; body_font_size=&#8220;18px&#8220; background_color=&#8220;rgba(0,0,0,0)&#8220; icon_font_size=&#8220;50px&#8220; global_colors_info=&#8220;{}&#8220;]Wir integrieren wo sinnvoll die aktuellsten wissenschaftlichen Erkenntnisse.<br \/>\n[\/et_pb_blurb][\/et_pb_column][\/et_pb_row][et_pb_row column_structure=&#8220;1_3,1_3,1_3&#8243; _builder_version=&#8220;4.16&#8243; global_colors_info=&#8220;{}&#8220;][et_pb_column type=&#8220;1_3&#8243; _builder_version=&#8220;4.16&#8243; custom_padding=&#8220;|||&#8220; global_colors_info=&#8220;{}&#8220; custom_padding__hover=&#8220;|||&#8220;][et_pb_blurb title=&#8220;Umfeldmanagement&#8220; use_icon=&#8220;on&#8220; font_icon=&#8220;&#xe0e2;||divi||400&#8243; icon_placement=&#8220;left&#8220; image_icon_width=&#8220;50px&#8220; _builder_version=&#8220;4.16&#8243; header_font=&#8220;|700|||||||&#8220; header_line_height=&#8220;1.7em&#8220; body_font=&#8220;||||||||&#8220; body_font_size=&#8220;18px&#8220; background_color=&#8220;rgba(0,0,0,0)&#8220; icon_font_size=&#8220;50px&#8220; global_colors_info=&#8220;{}&#8220;]Ber\u00fccksichtigung externer Einflussfaktoren.<br \/>\n[\/et_pb_blurb][\/et_pb_column][et_pb_column type=&#8220;1_3&#8243; _builder_version=&#8220;4.16&#8243; custom_padding=&#8220;|||&#8220; global_colors_info=&#8220;{}&#8220; custom_padding__hover=&#8220;|||&#8220;][\/et_pb_column][et_pb_column type=&#8220;1_3&#8243; _builder_version=&#8220;4.16&#8243; custom_padding=&#8220;|||&#8220; global_colors_info=&#8220;{}&#8220; custom_padding__hover=&#8220;|||&#8220;][\/et_pb_column][\/et_pb_row][et_pb_row _builder_version=&#8220;4.16&#8243; custom_padding=&#8220;27px|0px|0|0px|false|false&#8220; global_colors_info=&#8220;{}&#8220;][et_pb_column type=&#8220;4_4&#8243; _builder_version=&#8220;4.16&#8243; custom_padding=&#8220;|||&#8220; global_colors_info=&#8220;{}&#8220; custom_padding__hover=&#8220;|||&#8220;][et_pb_blurb title=&#8220;K\u00fcndigung&#8220; use_icon=&#8220;on&#8220; font_icon=&#8220;&#xe02e;||divi||400&#8243; icon_placement=&#8220;left&#8220; image_icon_width=&#8220;50px&#8220; content_max_width=&#8220;1100px&#8220; content_max_width_tablet=&#8220;&#8220; content_max_width_phone=&#8220;&#8220; content_max_width_last_edited=&#8220;on|desktop&#8220; _builder_version=&#8220;4.16&#8243; header_font=&#8220;|700|||||||&#8220; header_line_height=&#8220;1.7em&#8220; body_font=&#8220;||||||||&#8220; body_font_size=&#8220;18px&#8220; background_color=&#8220;rgba(0,0,0,0)&#8220; icon_font_size=&#8220;50px&#8220; global_colors_info=&#8220;{}&#8220;]Die Trainingsplanungs-Abonnemente sind jeweils unter Einbehaltung von Fristen auf 3 Monate k\u00fcndbar.<br \/>\n[\/et_pb_blurb][et_pb_blurb use_icon=&#8220;on&#8220; font_icon=&#8220;&#xe007;||divi||400&#8243; icon_placement=&#8220;left&#8220; image_icon_width=&#8220;50px&#8220; content_max_width=&#8220;1100px&#8220; content_max_width_tablet=&#8220;&#8220; content_max_width_phone=&#8220;&#8220; content_max_width_last_edited=&#8220;on|desktop&#8220; _builder_version=&#8220;4.16&#8243; header_font=&#8220;|700|||||||&#8220; header_line_height=&#8220;1.7em&#8220; body_font=&#8220;||||||||&#8220; body_font_size=&#8220;18px&#8220; background_color=&#8220;rgba(0,0,0,0)&#8220; custom_margin=&#8220;50px|||&#8220; icon_font_size=&#8220;50px&#8220; global_colors_info=&#8220;{}&#8220;]Eine detailliertere Beschreibung des Leistungsangebotes f\u00fcr die <strong>Trainingsplanungs-Abonnemente<\/strong> aber auch <strong>Personal Trainings<\/strong> erh\u00e4ltst du in den beiden PDF-Dateien \u201eLeistungsangebot sisoo GmbH\u201c und \u201eAllgemeine Gesch\u00e4ftsbedingungen sisoo GmbH\u201c. Alle Angaben sind ohne Gew\u00e4hr.<br \/>\n[\/et_pb_blurb][\/et_pb_column][\/et_pb_row][\/et_pb_section]<\/p>\n","protected":false},"excerpt":{"rendered":"<p>Leistungsangebot Das Leistungsangebot von sisoo beinhaltet f\u00fcr das Coaching und somit unter anderem f\u00fcr die Erstellung von Trainingspl\u00e4nen folgendes: Kennenlernen und Standortanalyse. Formulieren und festlegen von Zielen, Meilensteinen und Trainingsmitteln. Erstellen von Makro-, Meso-, Mikro und Einzeleinheiten. W\u00f6chentlicher Austausch per e-Mail, Telefon oder ausgew\u00e4hltem\u00a0 Messengerdienst.Analysieren des Trainings und Wettkampfes aufgrund deines Feedbacks und unseren Erkenntnissen. [&hellip;]<\/p>\n","protected":false},"author":1,"featured_media":0,"parent":0,"menu_order":0,"comment_status":"closed","ping_status":"closed","template":"","meta":{"_et_pb_use_builder":"on","_et_pb_old_content":"","_et_gb_content_width":"","footnotes":""},"class_list":["post-4115","page","type-page","status-publish","hentry"],"_links":{"self":[{"href":"https:\/\/sisoo.ch\/index.php\/wp-json\/wp\/v2\/pages\/4115","targetHints":{"allow":["GET"]}}],"collection":[{"href":"https:\/\/sisoo.ch\/index.php\/wp-json\/wp\/v2\/pages"}],"about":[{"href":"https:\/\/sisoo.ch\/index.php\/wp-json\/wp\/v2\/types\/page"}],"author":[{"embeddable":true,"href":"https:\/\/sisoo.ch\/index.php\/wp-json\/wp\/v2\/users\/1"}],"replies":[{"embeddable":true,"href":"https:\/\/sisoo.ch\/index.php\/wp-json\/wp\/v2\/comments?post=4115"}],"version-history":[{"count":6,"href":"https:\/\/sisoo.ch\/index.php\/wp-json\/wp\/v2\/pages\/4115\/revisions"}],"predecessor-version":[{"id":4221,"href":"https:\/\/sisoo.ch\/index.php\/wp-json\/wp\/v2\/pages\/4115\/revisions\/4221"}],"wp:attachment":[{"href":"https:\/\/sisoo.ch\/index.php\/wp-json\/wp\/v2\/media?parent=4115"}],"curies":[{"name":"wp","href":"https:\/\/api.w.org\/{rel}","templated":true}]}}